{"id":919,"date":"2022-01-06T21:53:00","date_gmt":"2022-01-06T21:53:00","guid":{"rendered":"https:\/\/itraad.dk\/?page_id=919"},"modified":"2024-11-07T22:26:17","modified_gmt":"2024-11-07T22:26:17","slug":"handelsbetingelser-itraadgiveren","status":"publish","type":"page","link":"https:\/\/itraad.dk\/","title":{"rendered":"Handelsbetingelser ITRaadgiveren"},"content":{"rendered":"\n<p>BETINGELSERNE ER G\u00c6LDENDE FRA 1-1\/2022<\/p>\n\n\n\n<p>ITRaadgiveren<\/p>\n\n\n\n<p>Drosselvej 3<\/p>\n\n\n\n<p>3550 Slangerup<\/p>\n\n\n\n<p>CVR: 33619529<\/p>\n\n\n\n<p><strong>INDG\u00c5ELSE AF AFTALE:<\/strong><\/p>\n\n\n\n<p>Ved bestilling af ydelser hos ITRaadgiveren accepterer kunden, at disse handelsbetingelser er g\u00e6ldende for samarbejdet. En bindende aftale mellem parterne indg\u00e5s f\u00f8rst, n\u00e5r ITRaadgiveren har bekr\u00e6ftet kundens ordre via email.<\/p>\n\n\n\n<p>Tilbud accepteres skriftligt af begge parter. \u00c6ndringer i projektbeskrivelsen skal aftales skriftligt for at v\u00e6re gyldige. Kunden b\u00e6rer ansvaret for, at projektet er klart og fuldst\u00e6ndigt beskrevet i l\u00f8sningsbeskrivelsen.<\/p>\n\n\n\n<p>Det er kundens ansvar at levere alle n\u00f8dvendige oplysninger for projektets gennemf\u00f8relse. Ved aftaleindg\u00e5else skal kunden oplyse korrekt navn, adresse, postnummer, telefonnummer samt e-mailadresse. Virksomheder skal yderligere oplyse CVR-nummer. ITRaadgiveren forpligter sig til at behandle kundens oplysninger fortroligt, men kan dele disse i tilf\u00e6lde af lovkrav.<\/p>\n\n\n\n<p>Oph\u00e6ves samarbejdet under arbejdets udf\u00f8rsel vil der blive udsted en faktura p\u00e5 faktisk forbrugte tid, ligesom de udgifter der har m\u00e5tte v\u00e6re i forbindelse med projektet\/opgaven.&nbsp;<\/p>\n\n\n\n<p><strong>PRISER, FAKTURERING OG BETALING:<\/strong><\/p>\n\n\n\n<p>Alle priser oplyses i danske kroner ekskl. moms og kan justeres med varsel. Fakturering sker med 8 dages betalingsfrist, og betaling sker i to rater ved st\u00f8rre webprojekter som udgangspunkt medmindre andet aftales. Ved alle andre produkter\/ydelser betales der som udgangspunkt f\u00f8rst ved levering medmindre andet er aftalt:<br>\u2013 F\u00f8rste rate betales ved projektets\/opgavens start.<br>\u2013 Anden rate betales ved levering af projektets\/opgavens eller ved den fastsatte afslutningsdato.<\/p>\n\n\n\n<p>Abonnementsydelser som hosting, licenser, backup mm. skal forudbetales for den angivne periode.<\/p>\n\n\n\n<p><strong>GDPR:<\/strong><\/p>\n\n\n\n<p>ITRaadgiveren bestr\u00e6ber sig p\u00e5 at overholde g\u00e6ldende lovgivning, herunder GDPR, men det er kundens ansvar at sikre, at lovgivningen overholdes p\u00e5 den endelige l\u00f8sning.<\/p>\n\n\n\n<p><strong>ANSVAR<\/strong><\/p>\n\n\n\n<p>ITRaadgiveren forpligter sig til at levere inden for den aftalte tidsramme, forudsat at kunden opfylder sine forpligtelser. Dette med op til 14 dages forsinkelse, uden skriftlig godkendelse.<\/p>\n\n\n\n<p>ITRaadgiveren er ikke ansvarlig for indirekte tab, s\u00e5som driftsstop, tab af data eller goodwill, som kunden m\u00e5tte lide.<\/p>\n\n\n\n<p>ITRaadgiveren\u2019s ansvar for erstatningskrav kan ikke overstige det samlede projektbel\u00f8b eller de sidste seks m\u00e5neders betalinger.<\/p>\n\n\n\n<p><strong>Immateriele Rettigheder<\/strong><\/p>\n\n\n\n<p>Alle immaterielle rettigheder til ydelser leveret af ITRaadgiveren tilh\u00f8rer ITRaadgiveren, indtil fuld betaling er modtaget. Efter betaling overg\u00e5r rettighederne til kunden, medmindre andet er aftalt skriftligt.<\/p>\n\n\n\n<p>Hvis betaling udebliver i mere end 30 dage efter forfaldsdato, forbeholder ITRaadgiveren sig retten til at logge kunden af webshoppen og s\u00e6tte den p\u00e5 standby, indtil betaling er modtaget.<\/p>\n\n\n\n<p>Ethvert fors\u00f8g p\u00e5 at udelukke ITRaadgiveren fra webshoppen eller p\u00e5 anden vis forhindre ITRaadgiveren i at s\u00e6tte webshoppen p\u00e5 standby, eller generelt fjerne ITRaadgiveren fra siden f\u00f8r betaling er modtaget, vil blive betragtet som tyveri og kriminalitet og vil blive h\u00e5ndteret af ITRaadgiveren&#8217;s advokat.<\/p>\n\n\n\n<p><strong>Enhver tvist mellem parterne skal afg\u00f8res efter dansk ret ved de danske domstole.<\/strong><\/p>\n","protected":false},"excerpt":{"rendered":"<p>BETINGELSERNE ER G\u00c6LDENDE FRA 1-1\/2022 ITRaadgiveren Drosselvej 3 3550 Slangerup CVR: 33619529 INDG\u00c5ELSE AF AFTALE: Ved bestilling af ydelser hos ITRaadgiveren accepterer kunden, at disse handelsbetingelser er g\u00e6ldende for samarbejdet. En bindende aftale mellem parterne indg\u00e5s f\u00f8rst, n\u00e5r ITRaadgiveren har bekr\u00e6ftet kundens ordre via email. Tilbud accepteres skriftligt af begge parter. \u00c6ndringer i projektbeskrivelsen skal aftales skriftligt for at v\u00e6re gyldige. Kunden b\u00e6rer ansvaret for, at projektet er klart og fuldst\u00e6ndigt beskrevet i l\u00f8sningsbeskrivelsen. Det er kundens ansvar at levere alle n\u00f8dvendige oplysninger for projektets gennemf\u00f8relse. Ved aftaleindg\u00e5else skal kunden oplyse korrekt navn, adresse, postnummer, telefonnummer samt e-mailadresse. Virksomheder skal yderligere oplyse CVR-nummer. ITRaadgiveren forpligter sig til at behandle kundens oplysninger fortroligt, men kan dele disse i tilf\u00e6lde af lovkrav. Oph\u00e6ves samarbejdet under arbejdets udf\u00f8rsel vil der blive udsted en faktura p\u00e5 faktisk forbrugte tid, ligesom de udgifter der har m\u00e5tte v\u00e6re i forbindelse med projektet\/opgaven.&nbsp; PRISER, FAKTURERING OG BETALING: Alle priser oplyses i danske kroner ekskl. moms og kan justeres med varsel. Fakturering sker med 8 dages betalingsfrist, og betaling sker i to rater ved st\u00f8rre webprojekter som udgangspunkt medmindre andet aftales. Ved alle andre produkter\/ydelser betales der som udgangspunkt f\u00f8rst ved levering medmindre andet er aftalt:\u2013 F\u00f8rste rate betales ved projektets\/opgavens start.\u2013 Anden rate betales ved levering af projektets\/opgavens eller ved den fastsatte afslutningsdato. Abonnementsydelser som hosting, licenser, backup mm. skal forudbetales for den angivne periode. GDPR: ITRaadgiveren bestr\u00e6ber sig p\u00e5 at overholde g\u00e6ldende lovgivning, herunder GDPR, men det er kundens ansvar at sikre, at lovgivningen overholdes p\u00e5 den endelige l\u00f8sning. ANSVAR ITRaadgiveren forpligter sig til at levere inden for den aftalte tidsramme, forudsat at kunden opfylder sine forpligtelser. Dette med op til 14 dages forsinkelse, uden skriftlig godkendelse. ITRaadgiveren er ikke ansvarlig for indirekte tab, s\u00e5som driftsstop, tab af data eller goodwill, som kunden m\u00e5tte lide. ITRaadgiveren\u2019s ansvar for erstatningskrav kan ikke overstige det samlede projektbel\u00f8b eller de sidste seks m\u00e5neders betalinger. Immateriele Rettigheder Alle immaterielle rettigheder til ydelser leveret af ITRaadgiveren tilh\u00f8rer ITRaadgiveren, indtil fuld betaling er modtaget. Efter betaling overg\u00e5r rettighederne til kunden, medmindre andet er aftalt skriftligt. Hvis betaling udebliver i mere end 30 dage efter forfaldsdato, forbeholder ITRaadgiveren sig retten til at logge kunden af webshoppen og s\u00e6tte den p\u00e5 standby, indtil betaling er modtaget. Ethvert fors\u00f8g p\u00e5 at udelukke ITRaadgiveren fra webshoppen eller p\u00e5 anden vis forhindre ITRaadgiveren i at s\u00e6tte webshoppen p\u00e5 standby, eller generelt fjerne ITRaadgiveren fra siden f\u00f8r betaling er modtaget, vil blive betragtet som tyveri og kriminalitet og vil blive h\u00e5ndteret af ITRaadgiveren&#8217;s advokat. Enhver tvist mellem parterne skal afg\u00f8res efter dansk ret ved de danske domstole.<\/p>\n","protected":false},"author":1,"featured_media":0,"parent":0,"menu_order":0,"comment_status":"closed","ping_status":"closed","template":"","meta":{"footnotes":""},"class_list":["post-919","page","type-page","status-publish","hentry"],"_links":{"self":[{"href":"https:\/\/itraad.dk\/index.php\/wp-json\/wp\/v2\/pages\/919","targetHints":{"allow":["GET"]}}],"collection":[{"href":"https:\/\/itraad.dk\/index.php\/wp-json\/wp\/v2\/pages"}],"about":[{"href":"https:\/\/itraad.dk\/index.php\/wp-json\/wp\/v2\/types\/page"}],"author":[{"embeddable":true,"href":"https:\/\/itraad.dk\/index.php\/wp-json\/wp\/v2\/users\/1"}],"replies":[{"embeddable":true,"href":"https:\/\/itraad.dk\/index.php\/wp-json\/wp\/v2\/comments?post=919"}],"version-history":[{"count":4,"href":"https:\/\/itraad.dk\/index.php\/wp-json\/wp\/v2\/pages\/919\/revisions"}],"predecessor-version":[{"id":927,"href":"https:\/\/itraad.dk\/index.php\/wp-json\/wp\/v2\/pages\/919\/revisions\/927"}],"wp:attachment":[{"href":"https:\/\/itraad.dk\/index.php\/wp-json\/wp\/v2\/media?parent=919"}],"curies":[{"name":"wp","href":"https:\/\/api.w.org\/{rel}","templated":true}]}}